{"id":1685,"date":"2021-12-01T14:12:56","date_gmt":"2021-12-01T14:12:56","guid":{"rendered":"https:\/\/centopamaso.com\/?page_id=1685"},"modified":"2022-02-11T15:53:30","modified_gmt":"2022-02-11T15:53:30","slug":"produits","status":"publish","type":"page","link":"https:\/\/centopamaso.com\/fr\/produits\/","title":{"rendered":"CATALOGUE"},"content":{"rendered":"<p>[et_pb_section fb_built=\u00bb1&#8243; admin_label=\u00bbOur Services\u00bb _builder_version=\u00bb3.22&#8243; min_height=\u00bb1522.6px\u00bb custom_margin=\u00bb-9px|||||\u00bb custom_padding=\u00bb0px|0px|9px|0px||\u00bb saved_tabs=\u00bball\u00bb global_colors_info=\u00bb{}\u00bb][et_pb_row admin_label=\u00bbTitle Row\u00bb _builder_version=\u00bb4.8.2&#8243; custom_margin=\u00bb|auto|-16px|auto||\u00bb global_colors_info=\u00bb{}\u00bb][et_pb_column type=\u00bb4_4&#8243; _builder_version=\u00bb3.25&#8243; custom_padding=\u00bb|||\u00bb global_colors_info=\u00bb{}\u00bb custom_padding__hover=\u00bb|||\u00bb][et_pb_text admin_label=\u00bbTitle\u00bb _builder_version=\u00bb4.14.7&#8243; text_font=\u00bbUbuntu||||||||\u00bb text_font_size=\u00bb16px\u00bb text_line_height=\u00bb1.8em\u00bb header_font=\u00bb||||||||\u00bb header_2_font=\u00bbMontserrat|700|||||||\u00bb header_2_font_size=\u00bb40px\u00bb header_2_line_height=\u00bb1.4em\u00bb text_orientation=\u00bbcenter\u00bb max_width=\u00bb999px\u00bb module_alignment=\u00bbcenter\u00bb custom_padding=\u00bb||0px|||\u00bb global_colors_info=\u00bb{}\u00bb]<\/p>\n<h2>ABRASIFS DIAMANT\u00c9S \u00c0 LIANT M\u00c9TALLIQUE ET R\u00c9SINO\u00cfDE<\/h2>\n<p>[\/et_pb_text][et_pb_text admin_label=\u00bbTitle\u00bb _builder_version=\u00bb4.14.7&#8243; text_font=\u00bbUbuntu||||||||\u00bb text_font_size=\u00bb16px\u00bb text_line_height=\u00bb1.8em\u00bb header_font=\u00bb||||||||\u00bb header_2_font=\u00bbMontserrat|700|||||||\u00bb header_2_font_size=\u00bb40px\u00bb header_2_line_height=\u00bb1.4em\u00bb text_orientation=\u00bbcenter\u00bb max_width=\u00bb999px\u00bb module_alignment=\u00bbcenter\u00bb global_colors_info=\u00bb{}\u00bb]<\/p>\n<h3><span style=\"color: #333333;\">CATALOGUE DE PRODUITS :<\/span><\/h3>\n<p>[\/et_pb_text][\/et_pb_column][\/et_pb_row][et_pb_row column_structure=\u00bb1_3,1_3,1_3&#8243; admin_label=\u00bbCore Skill\u00bb _builder_version=\u00bb3.25&#8243; min_height=\u00bb350.8px\u00bb custom_margin=\u00bb|auto|23px|auto||\u00bb global_colors_info=\u00bb{}\u00bb][et_pb_column type=\u00bb1_3&#8243; _builder_version=\u00bb3.25&#8243; custom_padding=\u00bb|||\u00bb global_colors_info=\u00bb{}\u00bb custom_padding__hover=\u00bb|||\u00bb][et_pb_blurb title=\u00bbDISQUES DE DIAM\u00c8TRE 200, 250 ET 300mm\u00bb use_icon=\u00bbon\u00bb font_icon=\u00bb&#x4e;||divi||400&#8243; icon_color=\u00bb#2A3443&#8243; icon_placement=\u00bbleft\u00bb image_icon_width=\u00bb32px\u00bb admin_label=\u00bbSkill\u00bb _builder_version=\u00bb4.14.7&#8243; header_level=\u00bbh6&#8243; header_font=\u00bbUbuntu|500|||||||\u00bb header_text_color=\u00bb#2A3443&#8243; header_font_size=\u00bb16px\u00bb header_line_height=\u00bb1.4em\u00bb body_font=\u00bbUbuntu||||||||\u00bb body_text_color=\u00bbrgba(42,52,67,0.5)\u00bb body_font_size=\u00bb16px\u00bb body_line_height=\u00bb1.8em\u00bb custom_padding=\u00bb|||\u00bb animation=\u00bboff\u00bb hover_enabled=\u00bb0&#8243; border_radii=\u00bbon|5px|5px|5px|5px\u00bb icon_font_size=\u00bb32px\u00bb global_colors_info=\u00bb{}\u00bb sticky_enabled=\u00bb0&#8243;]<\/p>\n<ul>\n<li><a href=\"https:\/\/centopamaso.com\/fr\/producto\/disques-polissage-metallique-200-250-300mm\/\">Disque polissage m\u00e9tallique<\/a><\/li>\n<li><a href=\"https:\/\/centopamaso.com\/fr\/producto\/disque-polissage-cuivre-200-250mm\/\">Disque polissage cuivre<\/a><\/li>\n<li><a href=\"https:\/\/centopamaso.com\/fr\/producto\/disque-polissage-lustrage-resine-diamante-200-250mm\/\">Disque polissage lustrage resine diamant\u00e9<\/a><\/li>\n<\/ul>\n<p>[\/et_pb_blurb][et_pb_button button_url=\u00bbhttps:\/\/centopamaso.com\/fr\/productos\/disques-de-diametre-200-250-300\/\u00bb button_text=\u00bbVoir produits\u00bb button_alignment=\u00bbcenter\u00bb _builder_version=\u00bb4.14.7&#8243; _module_preset=\u00bbdefault\u00bb custom_button=\u00bbon\u00bb button_text_size=\u00bb14px\u00bb button_text_color=\u00bb#FFFFFF\u00bb button_bg_color=\u00bb#000000&#8243; button_border_radius=\u00bb9px\u00bb background_layout=\u00bbdark\u00bb hover_enabled=\u00bb0&#8243; global_colors_info=\u00bb{}\u00bb sticky_enabled=\u00bb0&#8243;][\/et_pb_button][\/et_pb_column][et_pb_column type=\u00bb1_3&#8243; _builder_version=\u00bb3.25&#8243; custom_padding=\u00bb|||\u00bb global_colors_info=\u00bb{}\u00bb custom_padding__hover=\u00bb|||\u00bb][et_pb_blurb title=\u00bbFRANKFURTS DIAMANT\u00bb use_icon=\u00bbon\u00bb font_icon=\u00bb&#x4e;||divi||400&#8243; icon_color=\u00bb#2A3443&#8243; icon_placement=\u00bbleft\u00bb image_icon_width=\u00bb32px\u00bb admin_label=\u00bbSkill\u00bb _builder_version=\u00bb4.14.7&#8243; header_level=\u00bbh6&#8243; header_font=\u00bbUbuntu|500|||||||\u00bb header_text_color=\u00bb#2A3443&#8243; header_font_size=\u00bb16px\u00bb header_line_height=\u00bb1.4em\u00bb body_font=\u00bbUbuntu||||||||\u00bb body_text_color=\u00bbrgba(42,52,67,0.5)\u00bb body_font_size=\u00bb16px\u00bb body_line_height=\u00bb1.8em\u00bb custom_padding=\u00bb|||\u00bb animation=\u00bboff\u00bb hover_enabled=\u00bb0&#8243; border_radii=\u00bbon|5px|5px|5px|5px\u00bb icon_font_size=\u00bb32px\u00bb global_colors_info=\u00bb{}\u00bb sticky_enabled=\u00bb0&#8243;]<\/p>\n<ul>\n<li><a href=\"https:\/\/centopamaso.com\/fr\/productos\/frankfurts-diamant\/frankfurts-diamant-metalliques\/\">M\u00e9talliques<\/a><\/li>\n<li><a href=\"https:\/\/centopamaso.com\/fr\/productos\/frankfurts-diamant\/frankfurts-diamant-mixtes\/\">Mixtes<\/a><\/li>\n<li><a href=\"https:\/\/centopamaso.com\/fr\/productos\/frankfurts-diamant\/frankfurts-diamant-resinoides\/\">R\u00e9sino\u00efdes<\/a><\/li>\n<li><a href=\"https:\/\/centopamaso.com\/fr\/productos\/frankfurts-diamant\/frankfurts-diamant-calibrateurs\/\">Calibrateurs<\/a><\/li>\n<\/ul>\n<p>[\/et_pb_blurb][et_pb_button button_url=\u00bbhttps:\/\/centopamaso.com\/fr\/productos\/frankfurts-diamant\/\u00bb button_text=\u00bbVoir produits\u00bb button_alignment=\u00bbcenter\u00bb _builder_version=\u00bb4.14.7&#8243; _module_preset=\u00bbdefault\u00bb custom_button=\u00bbon\u00bb button_text_size=\u00bb14px\u00bb button_text_color=\u00bb#FFFFFF\u00bb button_bg_color=\u00bb#000000&#8243; button_border_radius=\u00bb9px\u00bb background_layout=\u00bbdark\u00bb hover_enabled=\u00bb0&#8243; global_colors_info=\u00bb{}\u00bb sticky_enabled=\u00bb0&#8243;][\/et_pb_button][\/et_pb_column][et_pb_column type=\u00bb1_3&#8243; _builder_version=\u00bb3.25&#8243; custom_padding=\u00bb|||\u00bb global_colors_info=\u00bb{}\u00bb custom_padding__hover=\u00bb|||\u00bb][et_pb_blurb title=\u00bbDISQUES POLISSAGE DIAMANT\u00c9 POUR BORDS\u00bb use_icon=\u00bbon\u00bb font_icon=\u00bb&#x4e;||divi||400&#8243; icon_color=\u00bb#2A3443&#8243; icon_placement=\u00bbleft\u00bb image_icon_width=\u00bb32px\u00bb admin_label=\u00bbSkill\u00bb _builder_version=\u00bb4.14.7&#8243; header_level=\u00bbh6&#8243; header_font=\u00bbUbuntu|500|||||||\u00bb header_text_color=\u00bb#2A3443&#8243; header_font_size=\u00bb16px\u00bb header_line_height=\u00bb1.4em\u00bb body_font=\u00bbUbuntu||||||||\u00bb body_text_color=\u00bbrgba(42,52,67,0.5)\u00bb body_font_size=\u00bb16px\u00bb body_line_height=\u00bb1.8em\u00bb custom_padding=\u00bb|||\u00bb animation=\u00bboff\u00bb hover_enabled=\u00bb0&#8243; border_radii=\u00bbon|5px|5px|5px|5px\u00bb icon_font_size=\u00bb32px\u00bb global_colors_info=\u00bb{}\u00bb sticky_enabled=\u00bb0&#8243;]<\/p>\n<ul>\n<li><a href=\"https:\/\/centopamaso.com\/fr\/producto\/disques-moulure-de-bords-100-130-et-150mm\/\">Disque moulure de bords<\/a><\/li>\n<li><a href=\"https:\/\/centopamaso.com\/fr\/producto\/disque-poncage-grossier-metallique-100-130-y-150mm\/\">Disque pon\u00e7age grossier m\u00e9tallique<\/a><\/li>\n<li><a href=\"https:\/\/centopamaso.com\/fr\/producto\/disque-poncage-cuivre-bords-100-130-et-150mm\/\">Disque pon\u00e7age cuivre bords<\/a><\/li>\n<li><a href=\"https:\/\/centopamaso.com\/fr\/producto\/disque-resine-diamante-100-130-y-150mm\/\">Disque r\u00e9sine diamant\u00e9<\/a><\/li>\n<li><a href=\"https:\/\/centopamaso.com\/fr\/producto\/disque-resine-diamante-biseau-diametre-130\/\">Disque r\u00e9sine diamant\u00e9 biseau<\/a><a href=\"https:\/\/centopamaso.com\/producto\/otros\/\"><\/a><\/li>\n<\/ul>\n<p>[\/et_pb_blurb][et_pb_button button_url=\u00bbhttps:\/\/centopamaso.com\/fr\/productos\/disques-polissage-diamante-pour-bords\/\u00bb button_text=\u00bbVoir produits\u00bb button_alignment=\u00bbcenter\u00bb _builder_version=\u00bb4.14.7&#8243; _module_preset=\u00bbdefault\u00bb custom_button=\u00bbon\u00bb button_text_size=\u00bb14px\u00bb button_text_color=\u00bb#FFFFFF\u00bb button_bg_color=\u00bb#000000&#8243; button_border_radius=\u00bb9px\u00bb background_layout=\u00bbdark\u00bb hover_enabled=\u00bb0&#8243; global_colors_info=\u00bb{}\u00bb sticky_enabled=\u00bb0&#8243;][\/et_pb_button][\/et_pb_column][\/et_pb_row][et_pb_row column_structure=\u00bb1_3,1_3,1_3&#8243; admin_label=\u00bbCore Skill\u00bb _builder_version=\u00bb3.25&#8243; min_height=\u00bb357.8px\u00bb custom_margin=\u00bb37px|auto||auto||\u00bb global_colors_info=\u00bb{}\u00bb][et_pb_column type=\u00bb1_3&#8243; _builder_version=\u00bb3.25&#8243; custom_padding=\u00bb|||\u00bb global_colors_info=\u00bb{}\u00bb custom_padding__hover=\u00bb|||\u00bb][et_pb_blurb title=\u00bbPON\u00c7AGE ET POLISSAGE MANUEL\u00bb use_icon=\u00bbon\u00bb font_icon=\u00bb&#x4e;||divi||400&#8243; icon_color=\u00bb#2A3443&#8243; icon_placement=\u00bbleft\u00bb image_icon_width=\u00bb32px\u00bb admin_label=\u00bbSkill\u00bb _builder_version=\u00bb4.14.7&#8243; header_level=\u00bbh6&#8243; header_font=\u00bbUbuntu|500|||||||\u00bb header_text_color=\u00bb#2A3443&#8243; header_font_size=\u00bb16px\u00bb header_line_height=\u00bb1.4em\u00bb body_font=\u00bbUbuntu||||||||\u00bb body_text_color=\u00bbrgba(42,52,67,0.5)\u00bb body_font_size=\u00bb16px\u00bb body_line_height=\u00bb1.8em\u00bb custom_padding=\u00bb|||\u00bb animation=\u00bboff\u00bb hover_enabled=\u00bb0&#8243; border_radii=\u00bbon|5px|5px|5px|5px\u00bb icon_font_size=\u00bb32px\u00bb global_colors_info=\u00bb{}\u00bb sticky_enabled=\u00bb0&#8243;]<\/p>\n<ul>\n<li><a href=\"https:\/\/centopamaso.com\/fr\/producto\/disque-fixation-helicoidale-m14-100mm\/\">Disque \u00d8 100mm fixation h\u00e9lico\u00efdale et M14<\/a><\/li>\n<\/ul>\n<p>[\/et_pb_blurb][et_pb_button button_url=\u00bbhttps:\/\/centopamaso.com\/fr\/productos\/poncage-et-polissage-manuel\/\u00bb button_text=\u00bbVoir produits\u00bb button_alignment=\u00bbcenter\u00bb _builder_version=\u00bb4.14.7&#8243; _module_preset=\u00bbdefault\u00bb custom_button=\u00bbon\u00bb button_text_size=\u00bb14px\u00bb button_text_color=\u00bb#FFFFFF\u00bb button_bg_color=\u00bb#000000&#8243; button_border_radius=\u00bb9px\u00bb background_layout=\u00bbdark\u00bb hover_enabled=\u00bb0&#8243; global_colors_info=\u00bb{}\u00bb sticky_enabled=\u00bb0&#8243;][\/et_pb_button][\/et_pb_column][et_pb_column type=\u00bb1_3&#8243; _builder_version=\u00bb3.25&#8243; custom_padding=\u00bb|||\u00bb global_colors_info=\u00bb{}\u00bb custom_padding__hover=\u00bb|||\u00bb][et_pb_blurb title=\u00bbPOLISSAGE DE GRANITS\u00bb use_icon=\u00bbon\u00bb font_icon=\u00bb&#x4e;||divi||400&#8243; icon_color=\u00bb#2A3443&#8243; icon_placement=\u00bbleft\u00bb image_icon_width=\u00bb32px\u00bb admin_label=\u00bbSkill\u00bb _builder_version=\u00bb4.14.7&#8243; header_level=\u00bbh6&#8243; header_font=\u00bbUbuntu|500|||||||\u00bb header_text_color=\u00bb#2A3443&#8243; header_font_size=\u00bb16px\u00bb header_line_height=\u00bb1.4em\u00bb body_font=\u00bbUbuntu||||||||\u00bb body_text_color=\u00bbrgba(42,52,67,0.5)\u00bb body_font_size=\u00bb16px\u00bb body_line_height=\u00bb1.8em\u00bb custom_padding=\u00bb|||\u00bb animation=\u00bboff\u00bb hover_enabled=\u00bb0&#8243; border_radii=\u00bbon|5px|5px|5px|5px\u00bb icon_font_size=\u00bb32px\u00bb global_colors_info=\u00bb{}\u00bb sticky_enabled=\u00bb0&#8243;]<\/p>\n<ul>\n<li><a href=\"https:\/\/centopamaso.com\/fr\/producto\/satellite-pour-callibrage-150mm\/\">Sat\u00e9llite pour callibrage<\/a><strong><br \/><\/strong><\/li>\n<li><a href=\"https:\/\/centopamaso.com\/fr\/producto\/fickert-metallique-pour-poncage-140mm\/\">Fickert m\u00e9tallique pour pon\u00e7age<\/a><strong><br \/><\/strong><\/li>\n<li><a href=\"https:\/\/centopamaso.com\/fr\/producto\/fickert-pour-poncage-lissage-et-polissage-140mm\/\">Fickert 140mm pour pon\u00e7age, lissage et polissage<\/a><strong><br \/><\/strong><\/li>\n<li><a href=\"https:\/\/centopamaso.com\/fr\/producto\/frankfurt-metallique-y-resinoide-pour-granit\/\">Frankfurt m\u00e9tallique et resino\u00efde pour granit<\/a><strong><br \/><\/strong><\/li>\n<\/ul>\n<p>[\/et_pb_blurb][et_pb_button button_url=\u00bbhttps:\/\/centopamaso.com\/fr\/productos\/polissage-de-granits\/\u00bb button_text=\u00bbVoir produits\u00bb button_alignment=\u00bbcenter\u00bb _builder_version=\u00bb4.14.7&#8243; _module_preset=\u00bbdefault\u00bb custom_button=\u00bbon\u00bb button_text_size=\u00bb14px\u00bb button_text_color=\u00bb#FFFFFF\u00bb button_bg_color=\u00bb#000000&#8243; button_border_radius=\u00bb9px\u00bb background_layout=\u00bbdark\u00bb hover_enabled=\u00bb0&#8243; global_colors_info=\u00bb{}\u00bb sticky_enabled=\u00bb0&#8243;][\/et_pb_button][\/et_pb_column][et_pb_column type=\u00bb1_3&#8243; _builder_version=\u00bb3.25&#8243; custom_padding=\u00bb|||\u00bb global_colors_info=\u00bb{}\u00bb custom_padding__hover=\u00bb|||\u00bb][et_pb_blurb title=\u00bbPON\u00c7AGE ET POLISSAGE DES SOLS\u00bb use_icon=\u00bbon\u00bb font_icon=\u00bb&#x4e;||divi||400&#8243; icon_color=\u00bb#2A3443&#8243; icon_placement=\u00bbleft\u00bb image_icon_width=\u00bb32px\u00bb admin_label=\u00bbSkill\u00bb _builder_version=\u00bb4.14.7&#8243; header_level=\u00bbh6&#8243; header_font=\u00bbUbuntu|500|||||||\u00bb header_text_color=\u00bb#2A3443&#8243; header_font_size=\u00bb16px\u00bb header_line_height=\u00bb1.4em\u00bb body_font=\u00bbUbuntu||||||||\u00bb body_text_color=\u00bbrgba(42,52,67,0.5)\u00bb body_font_size=\u00bb16px\u00bb body_line_height=\u00bb1.8em\u00bb custom_padding=\u00bb|||\u00bb animation=\u00bboff\u00bb hover_enabled=\u00bb0&#8243; border_radii=\u00bbon|5px|5px|5px|5px\u00bb icon_font_size=\u00bb32px\u00bb global_colors_info=\u00bb{}\u00bb sticky_enabled=\u00bb0&#8243;]<\/p>\n<ul>\n<li><a href=\"https:\/\/centopamaso.com\/fr\/producto\/segment-trapezoidal-beton\/\">Segment trap\u00e9zo\u00efdal b\u00e9ton<\/a><\/li>\n<li><a href=\"https:\/\/centopamaso.com\/fr\/producto\/segment-htc-beton\/\">Segment HTC b\u00e9ton<\/a><\/li>\n<li><a href=\"https:\/\/centopamaso.com\/fr\/producto\/segment-scanmaskin-beton\/\">Segment Scanmaskin b\u00e9ton<\/a><\/li>\n<li><a href=\"https:\/\/centopamaso.com\/fr\/producto\/plateau-polissage-satellite-beton-200mm\/\">Plateau polissage satellite b\u00e9ton \u00d8 200mm<\/a><\/li>\n<li><a href=\"https:\/\/centopamaso.com\/fr\/producto\/segment-cassani\/\">Segment Cassani<\/a><\/li>\n<li><a href=\"https:\/\/centopamaso.com\/fr\/producto\/taco-block-beton\/\">Taco block b\u00e9ton<\/a><\/li>\n<li><a href=\"https:\/\/centopamaso.com\/fr\/producto\/disque-resine-pour-marbre-et-terrazzo-100-200-223-240-250mm\/\">Disques r\u00e9sine \u00d8 100, 200, 223, 240, 250mm pour marbre et terrazzo<\/a><\/li>\n<\/ul>\n<p>[\/et_pb_blurb][et_pb_button button_url=\u00bbhttps:\/\/centopamaso.com\/fr\/productos\/poncage-et-polissage-des-sols\/\u00bb button_text=\u00bbVoir produits\u00bb button_alignment=\u00bbcenter\u00bb _builder_version=\u00bb4.14.7&#8243; _module_preset=\u00bbdefault\u00bb custom_button=\u00bbon\u00bb button_text_size=\u00bb14px\u00bb button_text_color=\u00bb#FFFFFF\u00bb button_bg_color=\u00bb#000000&#8243; button_border_radius=\u00bb9px\u00bb background_layout=\u00bbdark\u00bb hover_enabled=\u00bb0&#8243; global_colors_info=\u00bb{}\u00bb sticky_enabled=\u00bb0&#8243;][\/et_pb_button][\/et_pb_column][\/et_pb_row][et_pb_row admin_label=\u00bbTitle Row\u00bb _builder_version=\u00bb4.8.2&#8243; custom_margin=\u00bb|auto|-16px|auto||\u00bb global_colors_info=\u00bb{}\u00bb][et_pb_column type=\u00bb4_4&#8243; _builder_version=\u00bb3.25&#8243; custom_padding=\u00bb|||\u00bb global_colors_info=\u00bb{}\u00bb custom_padding__hover=\u00bb|||\u00bb][et_pb_text admin_label=\u00bbTitle\u00bb _builder_version=\u00bb4.14.7&#8243; text_font=\u00bbUbuntu||||||||\u00bb text_font_size=\u00bb16px\u00bb text_line_height=\u00bb1.8em\u00bb header_font=\u00bb||||||||\u00bb header_2_font=\u00bbMontserrat|700|||||||\u00bb header_2_font_size=\u00bb40px\u00bb header_2_line_height=\u00bb1.4em\u00bb text_orientation=\u00bbcenter\u00bb max_width=\u00bb999px\u00bb module_alignment=\u00bbcenter\u00bb global_colors_info=\u00bb{}\u00bb]<\/p>\n<p style=\"text-align: center;\"><span style=\"color: #808080;\"><strong>La vaste gamme de produits, l\u2019exp\u00e9rience, la qualit\u00e9, la productivit\u00e9 et la localisation nous permettent d\u2019offrir un large \u00e9ventail de solutions pour le polissage et le pon\u00e7age de toutes les surfaces, sur tous types de pierres naturelles et artificielles.<\/strong><\/span><\/p>\n<p>[\/et_pb_text][et_pb_image src=\u00bbhttps:\/\/centopamaso.com\/wp-content\/uploads\/sites\/10\/2021\/11\/logo.jpg\u00bb title_text=\u00bblogo\u00bb _builder_version=\u00bb4.8.2&#8243; _module_preset=\u00bbdefault\u00bb width=\u00bb33%\u00bb max_width=\u00bb100%\u00bb module_alignment=\u00bbcenter\u00bb custom_margin=\u00bb4px|||||\u00bb global_colors_info=\u00bb{}\u00bb][\/et_pb_image][et_pb_text admin_label=\u00bbTitle\u00bb _builder_version=\u00bb4.8.2&#8243; text_font=\u00bbUbuntu||||||||\u00bb text_font_size=\u00bb16px\u00bb text_line_height=\u00bb1.8em\u00bb header_font=\u00bb||||||||\u00bb header_2_font=\u00bbMontserrat|700|||||||\u00bb header_2_font_size=\u00bb40px\u00bb header_2_line_height=\u00bb1.4em\u00bb text_orientation=\u00bbcenter\u00bb max_width=\u00bb999px\u00bb module_alignment=\u00bbcenter\u00bb custom_margin=\u00bb-18px||14px|||\u00bb global_colors_info=\u00bb{}\u00bb]<\/p>\n<h4 style=\"text-align: center;\"><em>A WORLD OF SOLUTIONS FOR THE STONE INDUSTRY<\/em><\/h4>\n<p>[\/et_pb_text][\/et_pb_column][\/et_pb_row][\/et_pb_section]<\/p>\n","protected":false},"excerpt":{"rendered":"<p>ABRASIFS DIAMANT\u00c9S \u00c0 LIANT M\u00c9TALLIQUE ET R\u00c9SINO\u00cfDECATALOGUE DE PRODUITS : Disque polissage m\u00e9tallique Disque polissage cuivre Disque polissage lustrage resine diamant\u00e9 M\u00e9talliques Mixtes R\u00e9sino\u00efdes Calibrateurs Disque moulure de bords Disque pon\u00e7age grossier m\u00e9tallique Disque pon\u00e7age cuivre bords Disque r\u00e9sine diamant\u00e9 Disque r\u00e9sine diamant\u00e9 biseau Disque \u00d8 100mm fixation h\u00e9lico\u00efdale et M14 Sat\u00e9llite pour callibrage Fickert [&hellip;]<\/p>\n","protected":false},"author":1,"featured_media":0,"parent":0,"menu_order":0,"comment_status":"closed","ping_status":"closed","template":"","meta":{"_et_pb_use_builder":"on","_et_pb_old_content":"","_et_gb_content_width":"","spay_email":""},"yoast_head":"<!-- This site is optimized with the Yoast SEO plugin v18.0 - https:\/\/yoast.com\/wordpress\/plugins\/seo\/ -->\n<title>CATALOGUE - BCNDT: A WORLD OF SOLUTIONS FOR THE STONE INDUSTRY<\/title>\n<meta name=\"robots\" content=\"index, follow, max-snippet:-1, max-image-preview:large, max-video-preview:-1\" \/>\n<link rel=\"canonical\" href=\"https:\/\/centopamaso.com\/fr\/produits\/\" \/>\n<meta property=\"og:locale\" content=\"es_ES\" \/>\n<meta property=\"og:type\" content=\"article\" \/>\n<meta property=\"og:title\" content=\"CATALOGUE - BCNDT: A WORLD OF SOLUTIONS FOR THE STONE INDUSTRY\" \/>\n<meta property=\"og:description\" content=\"ABRASIFS DIAMANT\u00c9S \u00c0 LIANT M\u00c9TALLIQUE ET R\u00c9SINO\u00cfDECATALOGUE DE PRODUITS : Disque polissage m\u00e9tallique Disque polissage cuivre Disque polissage lustrage resine diamant\u00e9 M\u00e9talliques Mixtes R\u00e9sino\u00efdes Calibrateurs Disque moulure de bords Disque pon\u00e7age grossier m\u00e9tallique Disque pon\u00e7age cuivre bords Disque r\u00e9sine diamant\u00e9 Disque r\u00e9sine diamant\u00e9 biseau Disque \u00d8 100mm fixation h\u00e9lico\u00efdale et M14 Sat\u00e9llite pour callibrage Fickert [&hellip;]\" \/>\n<meta property=\"og:url\" content=\"https:\/\/centopamaso.com\/fr\/produits\/\" \/>\n<meta property=\"og:site_name\" content=\"BCNDT: A WORLD OF SOLUTIONS FOR THE STONE INDUSTRY\" \/>\n<meta property=\"article:publisher\" content=\"https:\/\/www.facebook.com\/CENTO-Pamaso-SL-BCNDT-229422044262417\" \/>\n<meta property=\"article:modified_time\" content=\"2022-02-11T15:53:30+00:00\" \/>\n<meta name=\"twitter:card\" content=\"summary_large_image\" \/>\n<meta name=\"twitter:label1\" content=\"Tiempo de lectura\" \/>\n\t<meta name=\"twitter:data1\" content=\"1 minuto\" \/>\n<script type=\"application\/ld+json\" class=\"yoast-schema-graph\">{\"@context\":\"https:\/\/schema.org\",\"@graph\":[{\"@type\":\"Organization\",\"@id\":\"https:\/\/centopamaso.com\/fr\/#organization\",\"name\":\"CENTO PAMASO SL BCNDT\",\"url\":\"https:\/\/centopamaso.com\/fr\/\",\"sameAs\":[\"https:\/\/www.facebook.com\/CENTO-Pamaso-SL-BCNDT-229422044262417\",\"https:\/\/www.instagram.com\/bcndt\/\"],\"logo\":{\"@type\":\"ImageObject\",\"@id\":\"https:\/\/centopamaso.com\/fr\/#logo\",\"inLanguage\":\"es\",\"url\":\"https:\/\/centopamaso.com\/wp-content\/uploads\/2021\/10\/icono.jpg\",\"contentUrl\":\"https:\/\/centopamaso.com\/wp-content\/uploads\/2021\/10\/icono.jpg\",\"width\":512,\"height\":512,\"caption\":\"CENTO PAMASO SL BCNDT\"},\"image\":{\"@id\":\"https:\/\/centopamaso.com\/fr\/#logo\"}},{\"@type\":\"WebSite\",\"@id\":\"https:\/\/centopamaso.com\/fr\/#website\",\"url\":\"https:\/\/centopamaso.com\/fr\/\",\"name\":\"BCNDT: A WORLD OF SOLUTIONS FOR THE STONE INDUSTRY\",\"description\":\"BCNDT - A world of solutions for the stone industry\",\"publisher\":{\"@id\":\"https:\/\/centopamaso.com\/fr\/#organization\"},\"potentialAction\":[{\"@type\":\"SearchAction\",\"target\":{\"@type\":\"EntryPoint\",\"urlTemplate\":\"https:\/\/centopamaso.com\/fr\/?s={search_term_string}\"},\"query-input\":\"required name=search_term_string\"}],\"inLanguage\":\"es\"},{\"@type\":\"WebPage\",\"@id\":\"https:\/\/centopamaso.com\/fr\/produits\/#webpage\",\"url\":\"https:\/\/centopamaso.com\/fr\/produits\/\",\"name\":\"CATALOGUE - BCNDT: A WORLD OF SOLUTIONS FOR THE STONE INDUSTRY\",\"isPartOf\":{\"@id\":\"https:\/\/centopamaso.com\/fr\/#website\"},\"datePublished\":\"2021-12-01T14:12:56+00:00\",\"dateModified\":\"2022-02-11T15:53:30+00:00\",\"breadcrumb\":{\"@id\":\"https:\/\/centopamaso.com\/fr\/produits\/#breadcrumb\"},\"inLanguage\":\"es\",\"potentialAction\":[{\"@type\":\"ReadAction\",\"target\":[\"https:\/\/centopamaso.com\/fr\/produits\/\"]}]},{\"@type\":\"BreadcrumbList\",\"@id\":\"https:\/\/centopamaso.com\/fr\/produits\/#breadcrumb\",\"itemListElement\":[{\"@type\":\"ListItem\",\"position\":1,\"name\":\"Portada\",\"item\":\"https:\/\/centopamaso.com\/fr\/\"},{\"@type\":\"ListItem\",\"position\":2,\"name\":\"CATALOGUE\"}]}]}<\/script>\n<!-- \/ Yoast SEO plugin. -->","yoast_head_json":{"title":"CATALOGUE - BCNDT: A WORLD OF SOLUTIONS FOR THE STONE INDUSTRY","robots":{"index":"index","follow":"follow","max-snippet":"max-snippet:-1","max-image-preview":"max-image-preview:large","max-video-preview":"max-video-preview:-1"},"canonical":"https:\/\/centopamaso.com\/fr\/produits\/","og_locale":"es_ES","og_type":"article","og_title":"CATALOGUE - BCNDT: A WORLD OF SOLUTIONS FOR THE STONE INDUSTRY","og_description":"ABRASIFS DIAMANT\u00c9S \u00c0 LIANT M\u00c9TALLIQUE ET R\u00c9SINO\u00cfDECATALOGUE DE PRODUITS : Disque polissage m\u00e9tallique Disque polissage cuivre Disque polissage lustrage resine diamant\u00e9 M\u00e9talliques Mixtes R\u00e9sino\u00efdes Calibrateurs Disque moulure de bords Disque pon\u00e7age grossier m\u00e9tallique Disque pon\u00e7age cuivre bords Disque r\u00e9sine diamant\u00e9 Disque r\u00e9sine diamant\u00e9 biseau Disque \u00d8 100mm fixation h\u00e9lico\u00efdale et M14 Sat\u00e9llite pour callibrage Fickert [&hellip;]","og_url":"https:\/\/centopamaso.com\/fr\/produits\/","og_site_name":"BCNDT: A WORLD OF SOLUTIONS FOR THE STONE INDUSTRY","article_publisher":"https:\/\/www.facebook.com\/CENTO-Pamaso-SL-BCNDT-229422044262417","article_modified_time":"2022-02-11T15:53:30+00:00","twitter_card":"summary_large_image","twitter_misc":{"Tiempo de lectura":"1 minuto"},"schema":{"@context":"https:\/\/schema.org","@graph":[{"@type":"Organization","@id":"https:\/\/centopamaso.com\/fr\/#organization","name":"CENTO PAMASO SL BCNDT","url":"https:\/\/centopamaso.com\/fr\/","sameAs":["https:\/\/www.facebook.com\/CENTO-Pamaso-SL-BCNDT-229422044262417","https:\/\/www.instagram.com\/bcndt\/"],"logo":{"@type":"ImageObject","@id":"https:\/\/centopamaso.com\/fr\/#logo","inLanguage":"es","url":"https:\/\/centopamaso.com\/wp-content\/uploads\/2021\/10\/icono.jpg","contentUrl":"https:\/\/centopamaso.com\/wp-content\/uploads\/2021\/10\/icono.jpg","width":512,"height":512,"caption":"CENTO PAMASO SL BCNDT"},"image":{"@id":"https:\/\/centopamaso.com\/fr\/#logo"}},{"@type":"WebSite","@id":"https:\/\/centopamaso.com\/fr\/#website","url":"https:\/\/centopamaso.com\/fr\/","name":"BCNDT: A WORLD OF SOLUTIONS FOR THE STONE INDUSTRY","description":"BCNDT - A world of solutions for the stone industry","publisher":{"@id":"https:\/\/centopamaso.com\/fr\/#organization"},"potentialAction":[{"@type":"SearchAction","target":{"@type":"EntryPoint","urlTemplate":"https:\/\/centopamaso.com\/fr\/?s={search_term_string}"},"query-input":"required name=search_term_string"}],"inLanguage":"es"},{"@type":"WebPage","@id":"https:\/\/centopamaso.com\/fr\/produits\/#webpage","url":"https:\/\/centopamaso.com\/fr\/produits\/","name":"CATALOGUE - BCNDT: A WORLD OF SOLUTIONS FOR THE STONE INDUSTRY","isPartOf":{"@id":"https:\/\/centopamaso.com\/fr\/#website"},"datePublished":"2021-12-01T14:12:56+00:00","dateModified":"2022-02-11T15:53:30+00:00","breadcrumb":{"@id":"https:\/\/centopamaso.com\/fr\/produits\/#breadcrumb"},"inLanguage":"es","potentialAction":[{"@type":"ReadAction","target":["https:\/\/centopamaso.com\/fr\/produits\/"]}]},{"@type":"BreadcrumbList","@id":"https:\/\/centopamaso.com\/fr\/produits\/#breadcrumb","itemListElement":[{"@type":"ListItem","position":1,"name":"Portada","item":"https:\/\/centopamaso.com\/fr\/"},{"@type":"ListItem","position":2,"name":"CATALOGUE"}]}]}},"_links":{"self":[{"href":"https:\/\/centopamaso.com\/fr\/wp-json\/wp\/v2\/pages\/1685"}],"collection":[{"href":"https:\/\/centopamaso.com\/fr\/wp-json\/wp\/v2\/pages"}],"about":[{"href":"https:\/\/centopamaso.com\/fr\/wp-json\/wp\/v2\/types\/page"}],"author":[{"embeddable":true,"href":"https:\/\/centopamaso.com\/fr\/wp-json\/wp\/v2\/users\/1"}],"replies":[{"embeddable":true,"href":"https:\/\/centopamaso.com\/fr\/wp-json\/wp\/v2\/comments?post=1685"}],"version-history":[{"count":35,"href":"https:\/\/centopamaso.com\/fr\/wp-json\/wp\/v2\/pages\/1685\/revisions"}],"predecessor-version":[{"id":2072,"href":"https:\/\/centopamaso.com\/fr\/wp-json\/wp\/v2\/pages\/1685\/revisions\/2072"}],"wp:attachment":[{"href":"https:\/\/centopamaso.com\/fr\/wp-json\/wp\/v2\/media?parent=1685"}],"curies":[{"name":"wp","href":"https:\/\/api.w.org\/{rel}","templated":true}]}}