{"id":1765,"date":"2021-12-03T10:32:42","date_gmt":"2021-12-03T10:32:42","guid":{"rendered":"https:\/\/centopamaso.com\/?post_type=product&#038;p=1765"},"modified":"2022-03-28T15:34:51","modified_gmt":"2022-03-28T15:34:51","slug":"frankfurt-segmente-metallique-en-epi-et-rond","status":"publish","type":"product","link":"https:\/\/centopamaso.com\/fr\/producto\/frankfurt-segmente-metallique-en-epi-et-rond\/","title":{"rendered":"Frankfurt segment\u00e9 m\u00e9tallique en \u00e9pi et rond"},"content":{"rendered":"","protected":false},"excerpt":{"rendered":"<p><strong>MACHINES : <\/strong>Ponceuse rectiligne pour carreaux et dalles. Machines adapt\u00e9es \u00e0 Frankfurt.<\/p>\n<p><strong>APPLICATION : <\/strong>Pon\u00e7age\/Calibrage de carrelage et dalles. Grains disponibles 36-45-60-80-120-220.<\/p>\n<table style=\"height: 15px; border-style: solid; border-color: #000000;\">\n<tbody>\n<tr>\n<td style=\"width: 96px;\"><strong>TYPE<\/strong><\/td>\n<td style=\"width: 91.7656px;\"><strong>DIMENSION<\/strong><\/td>\n<td style=\"width: 69px;\"><strong>DURET\u00c9<\/strong><\/td>\n<td style=\"width: 72px;\"><strong>GRAIN<\/strong><\/td>\n<td style=\"width: 77.625px;\"><strong>PIERRE<\/strong><\/td>\n<\/tr>\n<tr>\n<td style=\"width: 96px;\"><strong>\u00c9PI Z 8<\/strong><\/td>\n<td style=\"width: 91.7656px;\">10*10*24<\/td>\n<td style=\"width: 69px;\">0-5-7<\/td>\n<td style=\"width: 72px;\">36-220<\/td>\n<td style=\"width: 77.625px;\">MAJORIT\u00c9<\/td>\n<\/tr>\n<tr>\n<td style=\"width: 96px;\"><strong>\u00c9PI Z 8<\/strong><\/td>\n<td style=\"width: 91.7656px;\">10*10*24<\/td>\n<td style=\"width: 69px;\">9-10-GR<\/td>\n<td style=\"width: 72px;\">36-220<\/td>\n<td style=\"width: 77.625px;\">MARRON<\/td>\n<\/tr>\n<tr>\n<td style=\"width: 96px;\"><strong>\u00c9PI Z 6<\/strong><\/td>\n<td style=\"width: 91.7656px;\">10*10*24<\/td>\n<td style=\"width: 69px;\">9-10-GR<\/td>\n<td style=\"width: 72px;\">36-220<\/td>\n<td style=\"width: 77.625px;\">GRANIT<\/td>\n<\/tr>\n<tr>\n<td style=\"width: 96px;\"><strong>ROND Z 8<\/strong><\/td>\n<td style=\"width: 91.7656px;\">\u00d8 15*10<\/td>\n<td style=\"width: 69px;\">0-5<\/td>\n<td style=\"width: 72px;\">36-220<\/td>\n<td style=\"width: 77.625px;\">MAJORIT\u00c9<\/td>\n<\/tr>\n<\/tbody>\n<\/table>\n","protected":false},"featured_media":1888,"template":"","meta":{"_et_pb_use_builder":"off","_et_pb_old_content":"","_et_gb_content_width":"","spay_email":""},"product_cat":[92,97],"product_tag":[],"yoast_head":"<!-- This site is optimized with the Yoast SEO plugin v18.0 - https:\/\/yoast.com\/wordpress\/plugins\/seo\/ -->\n<title>Frankfurt segment\u00e9 m\u00e9tallique en \u00e9pi et rond - BCNDT: A WORLD OF SOLUTIONS FOR THE STONE INDUSTRY<\/title>\n<meta name=\"description\" content=\"Frankfurt segment\u00e9 m\u00e9tallique en \u00e9pi et rond\" \/>\n<meta name=\"robots\" content=\"index, follow, max-snippet:-1, max-image-preview:large, max-video-preview:-1\" \/>\n<link rel=\"canonical\" href=\"https:\/\/centopamaso.com\/fr\/producto\/frankfurt-segmente-metallique-en-epi-et-rond\/\" \/>\n<meta property=\"og:locale\" content=\"es_ES\" \/>\n<meta property=\"og:type\" content=\"article\" \/>\n<meta property=\"og:title\" content=\"Frankfurt segment\u00e9 m\u00e9tallique en \u00e9pi et rond - BCNDT: A WORLD OF SOLUTIONS FOR THE STONE INDUSTRY\" \/>\n<meta property=\"og:description\" content=\"Frankfurt segment\u00e9 m\u00e9tallique en \u00e9pi et rond\" \/>\n<meta property=\"og:url\" content=\"https:\/\/centopamaso.com\/fr\/producto\/frankfurt-segmente-metallique-en-epi-et-rond\/\" \/>\n<meta property=\"og:site_name\" content=\"BCNDT: A WORLD OF SOLUTIONS FOR THE STONE INDUSTRY\" \/>\n<meta property=\"article:publisher\" content=\"https:\/\/www.facebook.com\/CENTO-Pamaso-SL-BCNDT-229422044262417\" \/>\n<meta property=\"article:modified_time\" content=\"2022-03-28T15:34:51+00:00\" \/>\n<meta property=\"og:image\" content=\"https:\/\/centopamaso.com\/fr\/wp-content\/uploads\/sites\/10\/2021\/12\/Frankfurt-segmentado-metalico-espiga.jpg\" \/>\n\t<meta property=\"og:image:width\" content=\"500\" \/>\n\t<meta property=\"og:image:height\" content=\"500\" \/>\n\t<meta property=\"og:image:type\" content=\"image\/jpeg\" \/>\n<meta name=\"twitter:card\" content=\"summary_large_image\" \/>\n<script type=\"application\/ld+json\" class=\"yoast-schema-graph\">{\"@context\":\"https:\/\/schema.org\",\"@graph\":[{\"@type\":\"Organization\",\"@id\":\"https:\/\/centopamaso.com\/fr\/#organization\",\"name\":\"CENTO PAMASO SL BCNDT\",\"url\":\"https:\/\/centopamaso.com\/fr\/\",\"sameAs\":[\"https:\/\/www.facebook.com\/CENTO-Pamaso-SL-BCNDT-229422044262417\",\"https:\/\/www.instagram.com\/bcndt\/\"],\"logo\":{\"@type\":\"ImageObject\",\"@id\":\"https:\/\/centopamaso.com\/fr\/#logo\",\"inLanguage\":\"es\",\"url\":\"https:\/\/centopamaso.com\/wp-content\/uploads\/2021\/10\/icono.jpg\",\"contentUrl\":\"https:\/\/centopamaso.com\/wp-content\/uploads\/2021\/10\/icono.jpg\",\"width\":512,\"height\":512,\"caption\":\"CENTO PAMASO SL BCNDT\"},\"image\":{\"@id\":\"https:\/\/centopamaso.com\/fr\/#logo\"}},{\"@type\":\"WebSite\",\"@id\":\"https:\/\/centopamaso.com\/fr\/#website\",\"url\":\"https:\/\/centopamaso.com\/fr\/\",\"name\":\"BCNDT: A WORLD OF SOLUTIONS FOR THE STONE INDUSTRY\",\"description\":\"BCNDT - A world of solutions for the stone industry\",\"publisher\":{\"@id\":\"https:\/\/centopamaso.com\/fr\/#organization\"},\"potentialAction\":[{\"@type\":\"SearchAction\",\"target\":{\"@type\":\"EntryPoint\",\"urlTemplate\":\"https:\/\/centopamaso.com\/fr\/?s={search_term_string}\"},\"query-input\":\"required name=search_term_string\"}],\"inLanguage\":\"es\"},{\"@type\":\"ImageObject\",\"@id\":\"https:\/\/centopamaso.com\/fr\/producto\/frankfurt-segmente-metallique-en-epi-et-rond\/#primaryimage\",\"inLanguage\":\"es\",\"url\":\"https:\/\/centopamaso.com\/fr\/wp-content\/uploads\/sites\/10\/2021\/12\/Frankfurt-segmentado-metalico-espiga.jpg\",\"contentUrl\":\"https:\/\/centopamaso.com\/fr\/wp-content\/uploads\/sites\/10\/2021\/12\/Frankfurt-segmentado-metalico-espiga.jpg\",\"width\":500,\"height\":500,\"caption\":\"Frankfurt segmentado metalico espiga\"},{\"@type\":\"WebPage\",\"@id\":\"https:\/\/centopamaso.com\/fr\/producto\/frankfurt-segmente-metallique-en-epi-et-rond\/#webpage\",\"url\":\"https:\/\/centopamaso.com\/fr\/producto\/frankfurt-segmente-metallique-en-epi-et-rond\/\",\"name\":\"Frankfurt segment\u00e9 m\u00e9tallique en \u00e9pi et rond - BCNDT: A WORLD OF SOLUTIONS FOR THE STONE INDUSTRY\",\"isPartOf\":{\"@id\":\"https:\/\/centopamaso.com\/fr\/#website\"},\"primaryImageOfPage\":{\"@id\":\"https:\/\/centopamaso.com\/fr\/producto\/frankfurt-segmente-metallique-en-epi-et-rond\/#primaryimage\"},\"datePublished\":\"2021-12-03T10:32:42+00:00\",\"dateModified\":\"2022-03-28T15:34:51+00:00\",\"description\":\"Frankfurt segment\u00e9 m\u00e9tallique en \u00e9pi et rond\",\"breadcrumb\":{\"@id\":\"https:\/\/centopamaso.com\/fr\/producto\/frankfurt-segmente-metallique-en-epi-et-rond\/#breadcrumb\"},\"inLanguage\":\"es\",\"potentialAction\":[{\"@type\":\"ReadAction\",\"target\":[\"https:\/\/centopamaso.com\/fr\/producto\/frankfurt-segmente-metallique-en-epi-et-rond\/\"]}]},{\"@type\":\"BreadcrumbList\",\"@id\":\"https:\/\/centopamaso.com\/fr\/producto\/frankfurt-segmente-metallique-en-epi-et-rond\/#breadcrumb\",\"itemListElement\":[{\"@type\":\"ListItem\",\"position\":1,\"name\":\"Portada\",\"item\":\"https:\/\/centopamaso.com\/fr\/\"},{\"@type\":\"ListItem\",\"position\":2,\"name\":\"Productos\",\"item\":\"https:\/\/centopamaso.com\/fr\/shop\/\"},{\"@type\":\"ListItem\",\"position\":3,\"name\":\"Frankfurt segment\u00e9 m\u00e9tallique en \u00e9pi et rond\"}]}]}<\/script>\n<!-- \/ Yoast SEO plugin. -->","yoast_head_json":{"title":"Frankfurt segment\u00e9 m\u00e9tallique en \u00e9pi et rond - BCNDT: A WORLD OF SOLUTIONS FOR THE STONE INDUSTRY","description":"Frankfurt segment\u00e9 m\u00e9tallique en \u00e9pi et rond","robots":{"index":"index","follow":"follow","max-snippet":"max-snippet:-1","max-image-preview":"max-image-preview:large","max-video-preview":"max-video-preview:-1"},"canonical":"https:\/\/centopamaso.com\/fr\/producto\/frankfurt-segmente-metallique-en-epi-et-rond\/","og_locale":"es_ES","og_type":"article","og_title":"Frankfurt segment\u00e9 m\u00e9tallique en \u00e9pi et rond - BCNDT: A WORLD OF SOLUTIONS FOR THE STONE INDUSTRY","og_description":"Frankfurt segment\u00e9 m\u00e9tallique en \u00e9pi et rond","og_url":"https:\/\/centopamaso.com\/fr\/producto\/frankfurt-segmente-metallique-en-epi-et-rond\/","og_site_name":"BCNDT: A WORLD OF SOLUTIONS FOR THE STONE INDUSTRY","article_publisher":"https:\/\/www.facebook.com\/CENTO-Pamaso-SL-BCNDT-229422044262417","article_modified_time":"2022-03-28T15:34:51+00:00","og_image":[{"width":500,"height":500,"url":"https:\/\/centopamaso.com\/fr\/wp-content\/uploads\/sites\/10\/2021\/12\/Frankfurt-segmentado-metalico-espiga.jpg","type":"image\/jpeg"}],"twitter_card":"summary_large_image","schema":{"@context":"https:\/\/schema.org","@graph":[{"@type":"Organization","@id":"https:\/\/centopamaso.com\/fr\/#organization","name":"CENTO PAMASO SL BCNDT","url":"https:\/\/centopamaso.com\/fr\/","sameAs":["https:\/\/www.facebook.com\/CENTO-Pamaso-SL-BCNDT-229422044262417","https:\/\/www.instagram.com\/bcndt\/"],"logo":{"@type":"ImageObject","@id":"https:\/\/centopamaso.com\/fr\/#logo","inLanguage":"es","url":"https:\/\/centopamaso.com\/wp-content\/uploads\/2021\/10\/icono.jpg","contentUrl":"https:\/\/centopamaso.com\/wp-content\/uploads\/2021\/10\/icono.jpg","width":512,"height":512,"caption":"CENTO PAMASO SL BCNDT"},"image":{"@id":"https:\/\/centopamaso.com\/fr\/#logo"}},{"@type":"WebSite","@id":"https:\/\/centopamaso.com\/fr\/#website","url":"https:\/\/centopamaso.com\/fr\/","name":"BCNDT: A WORLD OF SOLUTIONS FOR THE STONE INDUSTRY","description":"BCNDT - A world of solutions for the stone industry","publisher":{"@id":"https:\/\/centopamaso.com\/fr\/#organization"},"potentialAction":[{"@type":"SearchAction","target":{"@type":"EntryPoint","urlTemplate":"https:\/\/centopamaso.com\/fr\/?s={search_term_string}"},"query-input":"required name=search_term_string"}],"inLanguage":"es"},{"@type":"ImageObject","@id":"https:\/\/centopamaso.com\/fr\/producto\/frankfurt-segmente-metallique-en-epi-et-rond\/#primaryimage","inLanguage":"es","url":"https:\/\/centopamaso.com\/fr\/wp-content\/uploads\/sites\/10\/2021\/12\/Frankfurt-segmentado-metalico-espiga.jpg","contentUrl":"https:\/\/centopamaso.com\/fr\/wp-content\/uploads\/sites\/10\/2021\/12\/Frankfurt-segmentado-metalico-espiga.jpg","width":500,"height":500,"caption":"Frankfurt segmentado metalico espiga"},{"@type":"WebPage","@id":"https:\/\/centopamaso.com\/fr\/producto\/frankfurt-segmente-metallique-en-epi-et-rond\/#webpage","url":"https:\/\/centopamaso.com\/fr\/producto\/frankfurt-segmente-metallique-en-epi-et-rond\/","name":"Frankfurt segment\u00e9 m\u00e9tallique en \u00e9pi et rond - BCNDT: A WORLD OF SOLUTIONS FOR THE STONE INDUSTRY","isPartOf":{"@id":"https:\/\/centopamaso.com\/fr\/#website"},"primaryImageOfPage":{"@id":"https:\/\/centopamaso.com\/fr\/producto\/frankfurt-segmente-metallique-en-epi-et-rond\/#primaryimage"},"datePublished":"2021-12-03T10:32:42+00:00","dateModified":"2022-03-28T15:34:51+00:00","description":"Frankfurt segment\u00e9 m\u00e9tallique en \u00e9pi et rond","breadcrumb":{"@id":"https:\/\/centopamaso.com\/fr\/producto\/frankfurt-segmente-metallique-en-epi-et-rond\/#breadcrumb"},"inLanguage":"es","potentialAction":[{"@type":"ReadAction","target":["https:\/\/centopamaso.com\/fr\/producto\/frankfurt-segmente-metallique-en-epi-et-rond\/"]}]},{"@type":"BreadcrumbList","@id":"https:\/\/centopamaso.com\/fr\/producto\/frankfurt-segmente-metallique-en-epi-et-rond\/#breadcrumb","itemListElement":[{"@type":"ListItem","position":1,"name":"Portada","item":"https:\/\/centopamaso.com\/fr\/"},{"@type":"ListItem","position":2,"name":"Productos","item":"https:\/\/centopamaso.com\/fr\/shop\/"},{"@type":"ListItem","position":3,"name":"Frankfurt segment\u00e9 m\u00e9tallique en \u00e9pi et rond"}]}]}},"_links":{"self":[{"href":"https:\/\/centopamaso.com\/fr\/wp-json\/wp\/v2\/product\/1765"}],"collection":[{"href":"https:\/\/centopamaso.com\/fr\/wp-json\/wp\/v2\/product"}],"about":[{"href":"https:\/\/centopamaso.com\/fr\/wp-json\/wp\/v2\/types\/product"}],"wp:featuredmedia":[{"embeddable":true,"href":"https:\/\/centopamaso.com\/fr\/wp-json\/wp\/v2\/media\/1888"}],"wp:attachment":[{"href":"https:\/\/centopamaso.com\/fr\/wp-json\/wp\/v2\/media?parent=1765"}],"wp:term":[{"taxonomy":"product_cat","embeddable":true,"href":"https:\/\/centopamaso.com\/fr\/wp-json\/wp\/v2\/product_cat?post=1765"},{"taxonomy":"product_tag","embeddable":true,"href":"https:\/\/centopamaso.com\/fr\/wp-json\/wp\/v2\/product_tag?post=1765"}],"curies":[{"name":"wp","href":"https:\/\/api.w.org\/{rel}","templated":true}]}}