{"id":1853,"date":"2022-01-13T14:26:00","date_gmt":"2022-01-13T14:26:00","guid":{"rendered":"https:\/\/centopamaso.com\/?post_type=product&#038;p=1853"},"modified":"2022-02-11T14:40:49","modified_gmt":"2022-02-11T14:40:49","slug":"fickert-metallique-pour-poncage-140mm","status":"publish","type":"product","link":"https:\/\/centopamaso.com\/fr\/producto\/fickert-metallique-pour-poncage-140mm\/","title":{"rendered":"Fickert m\u00e9tallique pour pon\u00e7age 140mm"},"content":{"rendered":"","protected":false},"excerpt":{"rendered":"<p><strong>PON\u00c7AGE, POLISSAGE ET LUSTRAGE DE DE GRANITS, DE QUARTZ, DE FRITTES, Y COMPRIS LE MARBRE ET LE CALCAIRE<\/strong><\/p>\n<p><strong>MACHINES :\u00a0<\/strong>Ponceuses de dalles et de carreaux \u00e9quip\u00e9es de t\u00eates satellites et Segments Fickert. Nous disposons \u00e9galement d\u2019un syst\u00e8me pour Frankfurt pour machines a pompes ou manuelles.<\/p>\n<table style=\"height: 15px; border-style: solid; border-color: #000000;\">\n<tbody>\n<tr style=\"height: 22px;\">\n<td style=\"width: 128.953px; height: 22px;\"><strong>TYPE<\/strong><\/td>\n<td style=\"width: 192.047px;\"><strong>GRAIN<\/strong><\/td>\n<\/tr>\n<tr style=\"height: 44px;\">\n<td style=\"width: 128.953px; height: 44px;\">140mm<\/td>\n<td style=\"width: 192.047px;\">TOUS<\/td>\n<\/tr>\n<\/tbody>\n<\/table>\n<p>&nbsp;<\/p>\n<p class=\"p1\"><strong>APPLICATION :<\/strong> Fickert m\u00e9tallique pour le granit, le quartz, le fritt\u00e9 140mm de long.<\/p>\n<p><strong>GRAINS DISPONIBLES<\/strong> : 16, 24, 36, 46, 60, 80, 120, 220.<\/p>\n","protected":false},"featured_media":1911,"template":"","meta":{"_et_pb_use_builder":"off","_et_pb_old_content":"","_et_gb_content_width":"","spay_email":""},"product_cat":[102,101],"product_tag":[],"yoast_head":"<!-- This site is optimized with the Yoast SEO plugin v18.0 - https:\/\/yoast.com\/wordpress\/plugins\/seo\/ -->\n<title>Fickert m\u00e9tallique pour pon\u00e7age 140mm - BCNDT: A WORLD OF SOLUTIONS FOR THE STONE INDUSTRY<\/title>\n<meta name=\"description\" content=\"Fickert m\u00e9tallique pour pon\u00e7age 140mm\" \/>\n<meta name=\"robots\" content=\"index, follow, max-snippet:-1, max-image-preview:large, max-video-preview:-1\" \/>\n<link rel=\"canonical\" href=\"https:\/\/centopamaso.com\/fr\/producto\/fickert-metallique-pour-poncage-140mm\/\" \/>\n<meta property=\"og:locale\" content=\"es_ES\" \/>\n<meta property=\"og:type\" content=\"article\" \/>\n<meta property=\"og:title\" content=\"Fickert m\u00e9tallique pour pon\u00e7age 140mm - BCNDT: A WORLD OF SOLUTIONS FOR THE STONE INDUSTRY\" \/>\n<meta property=\"og:description\" content=\"Fickert m\u00e9tallique pour pon\u00e7age 140mm\" \/>\n<meta property=\"og:url\" content=\"https:\/\/centopamaso.com\/fr\/producto\/fickert-metallique-pour-poncage-140mm\/\" \/>\n<meta property=\"og:site_name\" content=\"BCNDT: A WORLD OF SOLUTIONS FOR THE STONE INDUSTRY\" \/>\n<meta property=\"article:publisher\" content=\"https:\/\/www.facebook.com\/CENTO-Pamaso-SL-BCNDT-229422044262417\" \/>\n<meta property=\"article:modified_time\" content=\"2022-02-11T14:40:49+00:00\" \/>\n<meta property=\"og:image\" content=\"https:\/\/centopamaso.com\/fr\/wp-content\/uploads\/sites\/10\/2022\/01\/Fickert-metalico-para-desbaste.jpg\" \/>\n\t<meta property=\"og:image:width\" content=\"500\" \/>\n\t<meta property=\"og:image:height\" content=\"500\" \/>\n\t<meta property=\"og:image:type\" content=\"image\/jpeg\" \/>\n<meta name=\"twitter:card\" content=\"summary_large_image\" \/>\n<script type=\"application\/ld+json\" class=\"yoast-schema-graph\">{\"@context\":\"https:\/\/schema.org\",\"@graph\":[{\"@type\":\"Organization\",\"@id\":\"https:\/\/centopamaso.com\/fr\/#organization\",\"name\":\"CENTO PAMASO SL BCNDT\",\"url\":\"https:\/\/centopamaso.com\/fr\/\",\"sameAs\":[\"https:\/\/www.facebook.com\/CENTO-Pamaso-SL-BCNDT-229422044262417\",\"https:\/\/www.instagram.com\/bcndt\/\"],\"logo\":{\"@type\":\"ImageObject\",\"@id\":\"https:\/\/centopamaso.com\/fr\/#logo\",\"inLanguage\":\"es\",\"url\":\"https:\/\/centopamaso.com\/wp-content\/uploads\/2021\/10\/icono.jpg\",\"contentUrl\":\"https:\/\/centopamaso.com\/wp-content\/uploads\/2021\/10\/icono.jpg\",\"width\":512,\"height\":512,\"caption\":\"CENTO PAMASO SL BCNDT\"},\"image\":{\"@id\":\"https:\/\/centopamaso.com\/fr\/#logo\"}},{\"@type\":\"WebSite\",\"@id\":\"https:\/\/centopamaso.com\/fr\/#website\",\"url\":\"https:\/\/centopamaso.com\/fr\/\",\"name\":\"BCNDT: A WORLD OF SOLUTIONS FOR THE STONE INDUSTRY\",\"description\":\"BCNDT - A world of solutions for the stone industry\",\"publisher\":{\"@id\":\"https:\/\/centopamaso.com\/fr\/#organization\"},\"potentialAction\":[{\"@type\":\"SearchAction\",\"target\":{\"@type\":\"EntryPoint\",\"urlTemplate\":\"https:\/\/centopamaso.com\/fr\/?s={search_term_string}\"},\"query-input\":\"required name=search_term_string\"}],\"inLanguage\":\"es\"},{\"@type\":\"ImageObject\",\"@id\":\"https:\/\/centopamaso.com\/fr\/producto\/fickert-metallique-pour-poncage-140mm\/#primaryimage\",\"inLanguage\":\"es\",\"url\":\"https:\/\/centopamaso.com\/fr\/wp-content\/uploads\/sites\/10\/2022\/01\/Fickert-metalico-para-desbaste.jpg\",\"contentUrl\":\"https:\/\/centopamaso.com\/fr\/wp-content\/uploads\/sites\/10\/2022\/01\/Fickert-metalico-para-desbaste.jpg\",\"width\":500,\"height\":500,\"caption\":\"Fickert met\u00e1lico para desbaste\"},{\"@type\":\"WebPage\",\"@id\":\"https:\/\/centopamaso.com\/fr\/producto\/fickert-metallique-pour-poncage-140mm\/#webpage\",\"url\":\"https:\/\/centopamaso.com\/fr\/producto\/fickert-metallique-pour-poncage-140mm\/\",\"name\":\"Fickert m\u00e9tallique pour pon\u00e7age 140mm - BCNDT: A WORLD OF SOLUTIONS FOR THE STONE INDUSTRY\",\"isPartOf\":{\"@id\":\"https:\/\/centopamaso.com\/fr\/#website\"},\"primaryImageOfPage\":{\"@id\":\"https:\/\/centopamaso.com\/fr\/producto\/fickert-metallique-pour-poncage-140mm\/#primaryimage\"},\"datePublished\":\"2022-01-13T14:26:00+00:00\",\"dateModified\":\"2022-02-11T14:40:49+00:00\",\"description\":\"Fickert m\u00e9tallique pour pon\u00e7age 140mm\",\"breadcrumb\":{\"@id\":\"https:\/\/centopamaso.com\/fr\/producto\/fickert-metallique-pour-poncage-140mm\/#breadcrumb\"},\"inLanguage\":\"es\",\"potentialAction\":[{\"@type\":\"ReadAction\",\"target\":[\"https:\/\/centopamaso.com\/fr\/producto\/fickert-metallique-pour-poncage-140mm\/\"]}]},{\"@type\":\"BreadcrumbList\",\"@id\":\"https:\/\/centopamaso.com\/fr\/producto\/fickert-metallique-pour-poncage-140mm\/#breadcrumb\",\"itemListElement\":[{\"@type\":\"ListItem\",\"position\":1,\"name\":\"Portada\",\"item\":\"https:\/\/centopamaso.com\/fr\/\"},{\"@type\":\"ListItem\",\"position\":2,\"name\":\"Productos\",\"item\":\"https:\/\/centopamaso.com\/fr\/shop\/\"},{\"@type\":\"ListItem\",\"position\":3,\"name\":\"Fickert m\u00e9tallique pour pon\u00e7age 140mm\"}]}]}<\/script>\n<!-- \/ Yoast SEO plugin. -->","yoast_head_json":{"title":"Fickert m\u00e9tallique pour pon\u00e7age 140mm - BCNDT: A WORLD OF SOLUTIONS FOR THE STONE INDUSTRY","description":"Fickert m\u00e9tallique pour pon\u00e7age 140mm","robots":{"index":"index","follow":"follow","max-snippet":"max-snippet:-1","max-image-preview":"max-image-preview:large","max-video-preview":"max-video-preview:-1"},"canonical":"https:\/\/centopamaso.com\/fr\/producto\/fickert-metallique-pour-poncage-140mm\/","og_locale":"es_ES","og_type":"article","og_title":"Fickert m\u00e9tallique pour pon\u00e7age 140mm - BCNDT: A WORLD OF SOLUTIONS FOR THE STONE INDUSTRY","og_description":"Fickert m\u00e9tallique pour pon\u00e7age 140mm","og_url":"https:\/\/centopamaso.com\/fr\/producto\/fickert-metallique-pour-poncage-140mm\/","og_site_name":"BCNDT: A WORLD OF SOLUTIONS FOR THE STONE INDUSTRY","article_publisher":"https:\/\/www.facebook.com\/CENTO-Pamaso-SL-BCNDT-229422044262417","article_modified_time":"2022-02-11T14:40:49+00:00","og_image":[{"width":500,"height":500,"url":"https:\/\/centopamaso.com\/fr\/wp-content\/uploads\/sites\/10\/2022\/01\/Fickert-metalico-para-desbaste.jpg","type":"image\/jpeg"}],"twitter_card":"summary_large_image","schema":{"@context":"https:\/\/schema.org","@graph":[{"@type":"Organization","@id":"https:\/\/centopamaso.com\/fr\/#organization","name":"CENTO PAMASO SL BCNDT","url":"https:\/\/centopamaso.com\/fr\/","sameAs":["https:\/\/www.facebook.com\/CENTO-Pamaso-SL-BCNDT-229422044262417","https:\/\/www.instagram.com\/bcndt\/"],"logo":{"@type":"ImageObject","@id":"https:\/\/centopamaso.com\/fr\/#logo","inLanguage":"es","url":"https:\/\/centopamaso.com\/wp-content\/uploads\/2021\/10\/icono.jpg","contentUrl":"https:\/\/centopamaso.com\/wp-content\/uploads\/2021\/10\/icono.jpg","width":512,"height":512,"caption":"CENTO PAMASO SL BCNDT"},"image":{"@id":"https:\/\/centopamaso.com\/fr\/#logo"}},{"@type":"WebSite","@id":"https:\/\/centopamaso.com\/fr\/#website","url":"https:\/\/centopamaso.com\/fr\/","name":"BCNDT: A WORLD OF SOLUTIONS FOR THE STONE INDUSTRY","description":"BCNDT - A world of solutions for the stone industry","publisher":{"@id":"https:\/\/centopamaso.com\/fr\/#organization"},"potentialAction":[{"@type":"SearchAction","target":{"@type":"EntryPoint","urlTemplate":"https:\/\/centopamaso.com\/fr\/?s={search_term_string}"},"query-input":"required name=search_term_string"}],"inLanguage":"es"},{"@type":"ImageObject","@id":"https:\/\/centopamaso.com\/fr\/producto\/fickert-metallique-pour-poncage-140mm\/#primaryimage","inLanguage":"es","url":"https:\/\/centopamaso.com\/fr\/wp-content\/uploads\/sites\/10\/2022\/01\/Fickert-metalico-para-desbaste.jpg","contentUrl":"https:\/\/centopamaso.com\/fr\/wp-content\/uploads\/sites\/10\/2022\/01\/Fickert-metalico-para-desbaste.jpg","width":500,"height":500,"caption":"Fickert met\u00e1lico para desbaste"},{"@type":"WebPage","@id":"https:\/\/centopamaso.com\/fr\/producto\/fickert-metallique-pour-poncage-140mm\/#webpage","url":"https:\/\/centopamaso.com\/fr\/producto\/fickert-metallique-pour-poncage-140mm\/","name":"Fickert m\u00e9tallique pour pon\u00e7age 140mm - BCNDT: A WORLD OF SOLUTIONS FOR THE STONE INDUSTRY","isPartOf":{"@id":"https:\/\/centopamaso.com\/fr\/#website"},"primaryImageOfPage":{"@id":"https:\/\/centopamaso.com\/fr\/producto\/fickert-metallique-pour-poncage-140mm\/#primaryimage"},"datePublished":"2022-01-13T14:26:00+00:00","dateModified":"2022-02-11T14:40:49+00:00","description":"Fickert m\u00e9tallique pour pon\u00e7age 140mm","breadcrumb":{"@id":"https:\/\/centopamaso.com\/fr\/producto\/fickert-metallique-pour-poncage-140mm\/#breadcrumb"},"inLanguage":"es","potentialAction":[{"@type":"ReadAction","target":["https:\/\/centopamaso.com\/fr\/producto\/fickert-metallique-pour-poncage-140mm\/"]}]},{"@type":"BreadcrumbList","@id":"https:\/\/centopamaso.com\/fr\/producto\/fickert-metallique-pour-poncage-140mm\/#breadcrumb","itemListElement":[{"@type":"ListItem","position":1,"name":"Portada","item":"https:\/\/centopamaso.com\/fr\/"},{"@type":"ListItem","position":2,"name":"Productos","item":"https:\/\/centopamaso.com\/fr\/shop\/"},{"@type":"ListItem","position":3,"name":"Fickert m\u00e9tallique pour pon\u00e7age 140mm"}]}]}},"_links":{"self":[{"href":"https:\/\/centopamaso.com\/fr\/wp-json\/wp\/v2\/product\/1853"}],"collection":[{"href":"https:\/\/centopamaso.com\/fr\/wp-json\/wp\/v2\/product"}],"about":[{"href":"https:\/\/centopamaso.com\/fr\/wp-json\/wp\/v2\/types\/product"}],"wp:featuredmedia":[{"embeddable":true,"href":"https:\/\/centopamaso.com\/fr\/wp-json\/wp\/v2\/media\/1911"}],"wp:attachment":[{"href":"https:\/\/centopamaso.com\/fr\/wp-json\/wp\/v2\/media?parent=1853"}],"wp:term":[{"taxonomy":"product_cat","embeddable":true,"href":"https:\/\/centopamaso.com\/fr\/wp-json\/wp\/v2\/product_cat?post=1853"},{"taxonomy":"product_tag","embeddable":true,"href":"https:\/\/centopamaso.com\/fr\/wp-json\/wp\/v2\/product_tag?post=1853"}],"curies":[{"name":"wp","href":"https:\/\/api.w.org\/{rel}","templated":true}]}}