{"id":1927,"date":"2022-01-18T17:56:08","date_gmt":"2022-01-18T17:56:08","guid":{"rendered":"https:\/\/centopamaso.com\/?post_type=product&#038;p=1927"},"modified":"2022-02-11T15:28:22","modified_gmt":"2022-02-11T15:28:22","slug":"disque-resine-pour-marbre-et-terrazzo-100-200-223-240-250mm","status":"publish","type":"product","link":"https:\/\/centopamaso.com\/fr\/producto\/disque-resine-pour-marbre-et-terrazzo-100-200-223-240-250mm\/","title":{"rendered":"Disque r\u00e9sine pour marbre et terrazzo \u00d8 100, 200, 223, 240, 250mm"},"content":{"rendered":"","protected":false},"excerpt":{"rendered":"<p><strong>ADAPT\u00c9S AU MARBRE, AU GRANIT, AU TERRAZZO, AU B\u00c9TON, ETC.<\/strong><\/p>\n<p><strong>MACHINES <\/strong>: Nous disposons de tous les mod\u00e8les adapt\u00e9s \u00e0 toutes les machines du march\u00e9 <strong>APPLICATION : <\/strong>Pon\u00e7age, polissage et lustrage du marbre, du granit, du terrazzo et du b\u00e9ton.<\/p>\n<p><strong>DIAM\u00c8TRE : <\/strong>75\/80mm, 100mm, 200mm, 223mm.<\/p>\n<p><strong>GRAINS DISPONIBLES : <\/strong>40, 60, 120, 220, 400, 600, 800, 1800, 3500.<\/p>\n","protected":false},"featured_media":1928,"template":"","meta":{"_et_pb_use_builder":"off","_et_pb_old_content":"","_et_gb_content_width":"","spay_email":""},"product_cat":[96],"product_tag":[],"yoast_head":"<!-- This site is optimized with the Yoast SEO plugin v18.0 - https:\/\/yoast.com\/wordpress\/plugins\/seo\/ -->\n<title>Disque r\u00e9sine pour marbre et terrazzo \u00d8 100, 200, 223, 240, 250mm - BCNDT: A WORLD OF SOLUTIONS FOR THE STONE INDUSTRY<\/title>\n<meta name=\"description\" content=\"Disque r\u00e9sine pour marbre et terrazzo \u00d8 100, 200, 223, 240, 250mm\" \/>\n<meta name=\"robots\" content=\"index, follow, max-snippet:-1, max-image-preview:large, max-video-preview:-1\" \/>\n<link rel=\"canonical\" href=\"https:\/\/centopamaso.com\/fr\/producto\/disque-resine-pour-marbre-et-terrazzo-100-200-223-240-250mm\/\" \/>\n<meta property=\"og:locale\" content=\"es_ES\" \/>\n<meta property=\"og:type\" content=\"article\" \/>\n<meta property=\"og:title\" content=\"Disque r\u00e9sine pour marbre et terrazzo \u00d8 100, 200, 223, 240, 250mm - BCNDT: A WORLD OF SOLUTIONS FOR THE STONE INDUSTRY\" \/>\n<meta property=\"og:description\" content=\"Disque r\u00e9sine pour marbre et terrazzo \u00d8 100, 200, 223, 240, 250mm\" \/>\n<meta property=\"og:url\" content=\"https:\/\/centopamaso.com\/fr\/producto\/disque-resine-pour-marbre-et-terrazzo-100-200-223-240-250mm\/\" \/>\n<meta property=\"og:site_name\" content=\"BCNDT: A WORLD OF SOLUTIONS FOR THE STONE INDUSTRY\" \/>\n<meta property=\"article:publisher\" content=\"https:\/\/www.facebook.com\/CENTO-Pamaso-SL-BCNDT-229422044262417\" \/>\n<meta property=\"article:modified_time\" content=\"2022-02-11T15:28:22+00:00\" \/>\n<meta property=\"og:image\" content=\"https:\/\/centopamaso.com\/fr\/wp-content\/uploads\/sites\/10\/2022\/01\/corona-resina-para-marmol-y-terrazo.jpg\" \/>\n\t<meta property=\"og:image:width\" content=\"500\" \/>\n\t<meta property=\"og:image:height\" content=\"500\" \/>\n\t<meta property=\"og:image:type\" content=\"image\/jpeg\" \/>\n<meta name=\"twitter:card\" content=\"summary_large_image\" \/>\n<script type=\"application\/ld+json\" class=\"yoast-schema-graph\">{\"@context\":\"https:\/\/schema.org\",\"@graph\":[{\"@type\":\"Organization\",\"@id\":\"https:\/\/centopamaso.com\/fr\/#organization\",\"name\":\"CENTO PAMASO SL BCNDT\",\"url\":\"https:\/\/centopamaso.com\/fr\/\",\"sameAs\":[\"https:\/\/www.facebook.com\/CENTO-Pamaso-SL-BCNDT-229422044262417\",\"https:\/\/www.instagram.com\/bcndt\/\"],\"logo\":{\"@type\":\"ImageObject\",\"@id\":\"https:\/\/centopamaso.com\/fr\/#logo\",\"inLanguage\":\"es\",\"url\":\"https:\/\/centopamaso.com\/wp-content\/uploads\/2021\/10\/icono.jpg\",\"contentUrl\":\"https:\/\/centopamaso.com\/wp-content\/uploads\/2021\/10\/icono.jpg\",\"width\":512,\"height\":512,\"caption\":\"CENTO PAMASO SL BCNDT\"},\"image\":{\"@id\":\"https:\/\/centopamaso.com\/fr\/#logo\"}},{\"@type\":\"WebSite\",\"@id\":\"https:\/\/centopamaso.com\/fr\/#website\",\"url\":\"https:\/\/centopamaso.com\/fr\/\",\"name\":\"BCNDT: A WORLD OF SOLUTIONS FOR THE STONE INDUSTRY\",\"description\":\"BCNDT - A world of solutions for the stone industry\",\"publisher\":{\"@id\":\"https:\/\/centopamaso.com\/fr\/#organization\"},\"potentialAction\":[{\"@type\":\"SearchAction\",\"target\":{\"@type\":\"EntryPoint\",\"urlTemplate\":\"https:\/\/centopamaso.com\/fr\/?s={search_term_string}\"},\"query-input\":\"required name=search_term_string\"}],\"inLanguage\":\"es\"},{\"@type\":\"ImageObject\",\"@id\":\"https:\/\/centopamaso.com\/fr\/producto\/disque-resine-pour-marbre-et-terrazzo-100-200-223-240-250mm\/#primaryimage\",\"inLanguage\":\"es\",\"url\":\"https:\/\/centopamaso.com\/fr\/wp-content\/uploads\/sites\/10\/2022\/01\/corona-resina-para-marmol-y-terrazo.jpg\",\"contentUrl\":\"https:\/\/centopamaso.com\/fr\/wp-content\/uploads\/sites\/10\/2022\/01\/corona-resina-para-marmol-y-terrazo.jpg\",\"width\":500,\"height\":500,\"caption\":\"Coronas resina para m\u00e1rmol y terrazo\"},{\"@type\":\"WebPage\",\"@id\":\"https:\/\/centopamaso.com\/fr\/producto\/disque-resine-pour-marbre-et-terrazzo-100-200-223-240-250mm\/#webpage\",\"url\":\"https:\/\/centopamaso.com\/fr\/producto\/disque-resine-pour-marbre-et-terrazzo-100-200-223-240-250mm\/\",\"name\":\"Disque r\u00e9sine pour marbre et terrazzo \u00d8 100, 200, 223, 240, 250mm - BCNDT: A WORLD OF SOLUTIONS FOR THE STONE INDUSTRY\",\"isPartOf\":{\"@id\":\"https:\/\/centopamaso.com\/fr\/#website\"},\"primaryImageOfPage\":{\"@id\":\"https:\/\/centopamaso.com\/fr\/producto\/disque-resine-pour-marbre-et-terrazzo-100-200-223-240-250mm\/#primaryimage\"},\"datePublished\":\"2022-01-18T17:56:08+00:00\",\"dateModified\":\"2022-02-11T15:28:22+00:00\",\"description\":\"Disque r\u00e9sine pour marbre et terrazzo \u00d8 100, 200, 223, 240, 250mm\",\"breadcrumb\":{\"@id\":\"https:\/\/centopamaso.com\/fr\/producto\/disque-resine-pour-marbre-et-terrazzo-100-200-223-240-250mm\/#breadcrumb\"},\"inLanguage\":\"es\",\"potentialAction\":[{\"@type\":\"ReadAction\",\"target\":[\"https:\/\/centopamaso.com\/fr\/producto\/disque-resine-pour-marbre-et-terrazzo-100-200-223-240-250mm\/\"]}]},{\"@type\":\"BreadcrumbList\",\"@id\":\"https:\/\/centopamaso.com\/fr\/producto\/disque-resine-pour-marbre-et-terrazzo-100-200-223-240-250mm\/#breadcrumb\",\"itemListElement\":[{\"@type\":\"ListItem\",\"position\":1,\"name\":\"Portada\",\"item\":\"https:\/\/centopamaso.com\/fr\/\"},{\"@type\":\"ListItem\",\"position\":2,\"name\":\"Productos\",\"item\":\"https:\/\/centopamaso.com\/fr\/shop\/\"},{\"@type\":\"ListItem\",\"position\":3,\"name\":\"Disque r\u00e9sine pour marbre et terrazzo \u00d8 100, 200, 223, 240, 250mm\"}]}]}<\/script>\n<!-- \/ Yoast SEO plugin. -->","yoast_head_json":{"title":"Disque r\u00e9sine pour marbre et terrazzo \u00d8 100, 200, 223, 240, 250mm - BCNDT: A WORLD OF SOLUTIONS FOR THE STONE INDUSTRY","description":"Disque r\u00e9sine pour marbre et terrazzo \u00d8 100, 200, 223, 240, 250mm","robots":{"index":"index","follow":"follow","max-snippet":"max-snippet:-1","max-image-preview":"max-image-preview:large","max-video-preview":"max-video-preview:-1"},"canonical":"https:\/\/centopamaso.com\/fr\/producto\/disque-resine-pour-marbre-et-terrazzo-100-200-223-240-250mm\/","og_locale":"es_ES","og_type":"article","og_title":"Disque r\u00e9sine pour marbre et terrazzo \u00d8 100, 200, 223, 240, 250mm - BCNDT: A WORLD OF SOLUTIONS FOR THE STONE INDUSTRY","og_description":"Disque r\u00e9sine pour marbre et terrazzo \u00d8 100, 200, 223, 240, 250mm","og_url":"https:\/\/centopamaso.com\/fr\/producto\/disque-resine-pour-marbre-et-terrazzo-100-200-223-240-250mm\/","og_site_name":"BCNDT: A WORLD OF SOLUTIONS FOR THE STONE INDUSTRY","article_publisher":"https:\/\/www.facebook.com\/CENTO-Pamaso-SL-BCNDT-229422044262417","article_modified_time":"2022-02-11T15:28:22+00:00","og_image":[{"width":500,"height":500,"url":"https:\/\/centopamaso.com\/fr\/wp-content\/uploads\/sites\/10\/2022\/01\/corona-resina-para-marmol-y-terrazo.jpg","type":"image\/jpeg"}],"twitter_card":"summary_large_image","schema":{"@context":"https:\/\/schema.org","@graph":[{"@type":"Organization","@id":"https:\/\/centopamaso.com\/fr\/#organization","name":"CENTO PAMASO SL BCNDT","url":"https:\/\/centopamaso.com\/fr\/","sameAs":["https:\/\/www.facebook.com\/CENTO-Pamaso-SL-BCNDT-229422044262417","https:\/\/www.instagram.com\/bcndt\/"],"logo":{"@type":"ImageObject","@id":"https:\/\/centopamaso.com\/fr\/#logo","inLanguage":"es","url":"https:\/\/centopamaso.com\/wp-content\/uploads\/2021\/10\/icono.jpg","contentUrl":"https:\/\/centopamaso.com\/wp-content\/uploads\/2021\/10\/icono.jpg","width":512,"height":512,"caption":"CENTO PAMASO SL BCNDT"},"image":{"@id":"https:\/\/centopamaso.com\/fr\/#logo"}},{"@type":"WebSite","@id":"https:\/\/centopamaso.com\/fr\/#website","url":"https:\/\/centopamaso.com\/fr\/","name":"BCNDT: A WORLD OF SOLUTIONS FOR THE STONE INDUSTRY","description":"BCNDT - A world of solutions for the stone industry","publisher":{"@id":"https:\/\/centopamaso.com\/fr\/#organization"},"potentialAction":[{"@type":"SearchAction","target":{"@type":"EntryPoint","urlTemplate":"https:\/\/centopamaso.com\/fr\/?s={search_term_string}"},"query-input":"required name=search_term_string"}],"inLanguage":"es"},{"@type":"ImageObject","@id":"https:\/\/centopamaso.com\/fr\/producto\/disque-resine-pour-marbre-et-terrazzo-100-200-223-240-250mm\/#primaryimage","inLanguage":"es","url":"https:\/\/centopamaso.com\/fr\/wp-content\/uploads\/sites\/10\/2022\/01\/corona-resina-para-marmol-y-terrazo.jpg","contentUrl":"https:\/\/centopamaso.com\/fr\/wp-content\/uploads\/sites\/10\/2022\/01\/corona-resina-para-marmol-y-terrazo.jpg","width":500,"height":500,"caption":"Coronas resina para m\u00e1rmol y terrazo"},{"@type":"WebPage","@id":"https:\/\/centopamaso.com\/fr\/producto\/disque-resine-pour-marbre-et-terrazzo-100-200-223-240-250mm\/#webpage","url":"https:\/\/centopamaso.com\/fr\/producto\/disque-resine-pour-marbre-et-terrazzo-100-200-223-240-250mm\/","name":"Disque r\u00e9sine pour marbre et terrazzo \u00d8 100, 200, 223, 240, 250mm - BCNDT: A WORLD OF SOLUTIONS FOR THE STONE INDUSTRY","isPartOf":{"@id":"https:\/\/centopamaso.com\/fr\/#website"},"primaryImageOfPage":{"@id":"https:\/\/centopamaso.com\/fr\/producto\/disque-resine-pour-marbre-et-terrazzo-100-200-223-240-250mm\/#primaryimage"},"datePublished":"2022-01-18T17:56:08+00:00","dateModified":"2022-02-11T15:28:22+00:00","description":"Disque r\u00e9sine pour marbre et terrazzo \u00d8 100, 200, 223, 240, 250mm","breadcrumb":{"@id":"https:\/\/centopamaso.com\/fr\/producto\/disque-resine-pour-marbre-et-terrazzo-100-200-223-240-250mm\/#breadcrumb"},"inLanguage":"es","potentialAction":[{"@type":"ReadAction","target":["https:\/\/centopamaso.com\/fr\/producto\/disque-resine-pour-marbre-et-terrazzo-100-200-223-240-250mm\/"]}]},{"@type":"BreadcrumbList","@id":"https:\/\/centopamaso.com\/fr\/producto\/disque-resine-pour-marbre-et-terrazzo-100-200-223-240-250mm\/#breadcrumb","itemListElement":[{"@type":"ListItem","position":1,"name":"Portada","item":"https:\/\/centopamaso.com\/fr\/"},{"@type":"ListItem","position":2,"name":"Productos","item":"https:\/\/centopamaso.com\/fr\/shop\/"},{"@type":"ListItem","position":3,"name":"Disque r\u00e9sine pour marbre et terrazzo \u00d8 100, 200, 223, 240, 250mm"}]}]}},"_links":{"self":[{"href":"https:\/\/centopamaso.com\/fr\/wp-json\/wp\/v2\/product\/1927"}],"collection":[{"href":"https:\/\/centopamaso.com\/fr\/wp-json\/wp\/v2\/product"}],"about":[{"href":"https:\/\/centopamaso.com\/fr\/wp-json\/wp\/v2\/types\/product"}],"wp:featuredmedia":[{"embeddable":true,"href":"https:\/\/centopamaso.com\/fr\/wp-json\/wp\/v2\/media\/1928"}],"wp:attachment":[{"href":"https:\/\/centopamaso.com\/fr\/wp-json\/wp\/v2\/media?parent=1927"}],"wp:term":[{"taxonomy":"product_cat","embeddable":true,"href":"https:\/\/centopamaso.com\/fr\/wp-json\/wp\/v2\/product_cat?post=1927"},{"taxonomy":"product_tag","embeddable":true,"href":"https:\/\/centopamaso.com\/fr\/wp-json\/wp\/v2\/product_tag?post=1927"}],"curies":[{"name":"wp","href":"https:\/\/api.w.org\/{rel}","templated":true}]}}